{"id":226,"date":"2016-11-22T14:35:40","date_gmt":"2016-11-22T13:35:40","guid":{"rendered":"https:\/\/www.stationsnicecotedazur.com\/fr\/?page_id=226"},"modified":"2024-12-06T09:52:36","modified_gmt":"2024-12-06T08:52:36","slug":"le-domaine-en-hiver","status":"publish","type":"page","link":"https:\/\/www.stationsnicecotedazur.com\/fr\/le-domaine-en-hiver\/","title":{"rendered":"Le domaine en hiver"},"content":{"rendered":"\t\t<div data-elementor-type=\"wp-page\" data-elementor-id=\"226\" class=\"elementor elementor-226\" data-elementor-post-type=\"page\">\n\t\t\t\t\t\t<section class=\"elementor-section elementor-top-section elementor-element elementor-element-biedfjk elementor-section-full_width elementor-section-height-default elementor-section-height-default\" data-id=\"biedfjk\" data-element_type=\"section\">\n\t\t\t\t\t\t<div class=\"elementor-container elementor-column-gap-default\">\n\t\t\t\t\t<div class=\"elementor-column elementor-col-100 elementor-top-column elementor-element elementor-element-fbgqyhr\" data-id=\"fbgqyhr\" data-element_type=\"column\">\n\t\t\t<div class=\"elementor-widget-wrap elementor-element-populated\">\n\t\t\t\t\t\t<section class=\"elementor-section elementor-inner-section elementor-element elementor-element-vyamxbx elementor-section-full_width banniere-station elementor-section-height-default elementor-section-height-default\" data-id=\"vyamxbx\" data-element_type=\"section\">\n\t\t\t\t\t\t<div class=\"elementor-container elementor-column-gap-default\">\n\t\t\t\t\t<div class=\"elementor-column elementor-col-100 elementor-inner-column elementor-element elementor-element-sbismkf\" data-id=\"sbismkf\" data-element_type=\"column\">\n\t\t\t<div class=\"elementor-widget-wrap elementor-element-populated\">\n\t\t\t\t\t\t<div class=\"elementor-element elementor-element-zwidqbt elementor-widget elementor-widget-text-editor\" data-id=\"zwidqbt\" data-element_type=\"widget\" data-widget_type=\"text-editor.default\">\n\t\t\t\t<div class=\"elementor-widget-container\">\n\t\t\t<div class=\"echo-debug\" style=\"display:none\">array(1) {\n  [0]=>\n  object(stdClass)#5549 (3) {\n    [\"id\"]=>\n    string(3) \"228\"\n    [\"fields\"]=>\n    object(stdClass)#6039 (2) {\n      [\"title\"]=>\n      string(52) \"banniere \/ Le domaine \/ domaine \/ hiver \/ Le domaine\"\n      [\"caption\"]=>\n      string(0) \"\"\n    }\n    [\"post_id\"]=>\n    int(226)\n  }\n}\n<\/div>\t\t\t\t<div id=\"banniere-banniere\" class=\"banniere2\" style=\"background-image:url('https:\/\/www.stationsnicecotedazur.com\/wp-content\/uploads\/2016\/11\/banniere-le-domaine.jpg');\"><h1>le domaine<\/h1><div class=\"pattern-triangle pattern-line\"><\/div><\/div>\t\t\t\t\t\t<\/div>\n\t\t\t\t<\/div>\n\t\t\t\t\t<\/div>\n\t\t<\/div>\n\t\t\t\t\t<\/div>\n\t\t<\/section>\n\t\t\t\t<div class=\"elementor-element elementor-element-jxkwmcj elementor-widget elementor-widget-spacer\" data-id=\"jxkwmcj\" data-element_type=\"widget\" data-widget_type=\"spacer.default\">\n\t\t\t\t<div class=\"elementor-widget-container\">\n\t\t\t\t\t<div class=\"elementor-spacer\">\n\t\t\t<div class=\"elementor-spacer-inner\"><\/div>\n\t\t<\/div>\n\t\t\t\t<\/div>\n\t\t\t\t<\/div>\n\t\t\t\t<section class=\"elementor-section elementor-inner-section elementor-element elementor-element-zkadykc elementor-section-full_width elementor-section-height-default elementor-section-height-default\" data-id=\"zkadykc\" data-element_type=\"section\">\n\t\t\t\t\t\t<div class=\"elementor-container elementor-column-gap-default\">\n\t\t\t\t\t<div class=\"elementor-column elementor-col-100 elementor-inner-column elementor-element elementor-element-juuates textcenter\" data-id=\"juuates\" data-element_type=\"column\">\n\t\t\t<div class=\"elementor-widget-wrap elementor-element-populated\">\n\t\t\t\t\t\t<div class=\"elementor-element elementor-element-umqhmyk elementor-widget elementor-widget-image\" data-id=\"umqhmyk\" data-element_type=\"widget\" data-widget_type=\"image.default\">\n\t\t\t\t<div class=\"elementor-widget-container\">\n\t\t\t\t\t\t\t\t\t\t\t\t\t<img decoding=\"async\" src=\"https:\/\/www.stationsnicecotedazur.com\/wp-content\/uploads\/elementor\/thumbs\/Auron-5-rdoay01phleamv471xiikv5eq9ahxb1dbc6gae0k9c.jpg\" title=\"Auron-5.jpg\" alt=\"Auron-5.jpg\" loading=\"lazy\" \/>\t\t\t\t\t\t\t\t\t\t\t\t\t<\/div>\n\t\t\t\t<\/div>\n\t\t\t\t\t<\/div>\n\t\t<\/div>\n\t\t\t\t\t<\/div>\n\t\t<\/section>\n\t\t\t\t<div class=\"elementor-element elementor-element-yzzuuje elementor-widget elementor-widget-spacer\" data-id=\"yzzuuje\" data-element_type=\"widget\" data-widget_type=\"spacer.default\">\n\t\t\t\t<div class=\"elementor-widget-container\">\n\t\t\t\t\t<div class=\"elementor-spacer\">\n\t\t\t<div class=\"elementor-spacer-inner\"><\/div>\n\t\t<\/div>\n\t\t\t\t<\/div>\n\t\t\t\t<\/div>\n\t\t\t\t<section class=\"elementor-section elementor-inner-section elementor-element elementor-element-gljxnlo elementor-section-boxed elementor-section-height-default elementor-section-height-default\" data-id=\"gljxnlo\" data-element_type=\"section\">\n\t\t\t\t\t\t<div class=\"elementor-container elementor-column-gap-default\">\n\t\t\t\t\t<div class=\"elementor-column elementor-col-66 elementor-inner-column elementor-element elementor-element-quavunq\" data-id=\"quavunq\" data-element_type=\"column\">\n\t\t\t<div class=\"elementor-widget-wrap elementor-element-populated\">\n\t\t\t\t\t\t<div class=\"elementor-element elementor-element-dc4afcd titre titre-simple titre-petit elementor-widget elementor-widget-heading\" data-id=\"dc4afcd\" data-element_type=\"widget\" data-widget_type=\"heading.default\">\n\t\t\t\t<div class=\"elementor-widget-container\">\n\t\t\t<h2 class=\"elementor-heading-title elementor-size-default\">LITTORAL &amp; MONTAGNE : UNE SOLIDARITE EXEMPLAIRE <\/h2>\t\t<\/div>\n\t\t\t\t<\/div>\n\t\t\t\t<div class=\"elementor-element elementor-element-1e08fec elementor-widget elementor-widget-text-editor\" data-id=\"1e08fec\" data-element_type=\"widget\" data-widget_type=\"text-editor.default\">\n\t\t\t\t<div class=\"elementor-widget-container\">\n\t\t\t\t\t\t\t<p class=\"MsoNormal\" style=\"margin-bottom: 0cm;\">\n<\/p><p class=\"MsoNormal\" style=\"margin-bottom: 0cm;\"><b>Christian Estrosi a toujours affirm\u00e9 sa volont\u00e9<\/b>, au travers de ses mandats, de soutenir financi\u00e8rement les stations de ski.<\/p>\n<p class=\"MsoNormal\" style=\"margin-bottom: 0cm;\">Ainsi en 2003, sous son impulsion, il est alors Pr\u00e9sident du Conseil g\u00e9n\u00e9ral des Alpes-Maritimes, les stations d\u2019Auron, Isola 2000 et Saint-Dalmas-le-Selvage se sont regroup\u00e9es au sein du Syndicat Mixte, autour d\u2019une volont\u00e9 forte de d\u00e9veloppement qui a conduit \u00e0 une politique ambitieuse d\u2019am\u00e9nagement des trois sites.<\/p>\n<p class=\"MsoNormal\" style=\"margin-bottom: 0cm;\">La cr\u00e9ation de cette structure unique a permis de soulager financi\u00e8rement les communes, alors en d\u00e9ficit et dans l\u2019incapacit\u00e9 de r\u00e9aliser des investissements.<\/p>\n<p class=\"MsoNormal\" style=\"margin-bottom: 0cm;\">Cette solidarit\u00e9 du littoral vers la montagne a largement contribu\u00e9 \u00e0 l\u2019am\u00e9nagement raisonn\u00e9 de ce territoire, \u00e0 son d\u00e9veloppement \u00e9conomique, ce qui se traduit par un soutien fort \u00e0 l\u2019emploi.<\/p>\n<p class=\"MsoNormal\" style=\"margin-bottom: 0cm;\">\n<\/p><p class=\"MsoNormal\" style=\"margin-bottom: 0cm;\">Le Syndicat Mixte est donc, depuis 20 ans, un acteur cl\u00e9 du d\u00e9veloppement des Stations Nice C\u00f4te d\u2019Azur. <b>En 2012, c\u2019est gr\u00e2ce \u00e0 la M\u00e9tropole Nice C\u00f4te d\u2019Azur qu\u2019un nouvel \u00e9lan a permis de relancer les investissements<\/b>.&nbsp;<\/p><p class=\"MsoNormal\" style=\"margin-bottom: 0cm;\"><br><\/p>\n<p class=\"MsoNormal\" style=\"margin-bottom: 0cm;\">\n<\/p>\n<p class=\"MsoNormal\" style=\"margin-bottom: 0cm;\"><b>Symbole d\u2019une forte solidarit\u00e9 du littoral envers la montagne<\/b>, le Syndicat Mixte assure la modernisation et le d\u00e9veloppement de ces stations mais aussi la pr\u00e9servation de leur patrimoine historique et culturel (comme \u00e0 Saint-Dalmas-le-Selvage).<\/p>\t\t\t\t\t\t<\/div>\n\t\t\t\t<\/div>\n\t\t\t\t\t<\/div>\n\t\t<\/div>\n\t\t\t\t<div class=\"elementor-column elementor-col-33 elementor-inner-column elementor-element elementor-element-cfdtino\" data-id=\"cfdtino\" data-element_type=\"column\">\n\t\t\t<div class=\"elementor-widget-wrap elementor-element-populated\">\n\t\t\t\t\t\t\t<\/div>\n\t\t<\/div>\n\t\t\t\t\t<\/div>\n\t\t<\/section>\n\t\t\t\t<section class=\"elementor-section elementor-inner-section elementor-element elementor-element-tzyaukz elementor-section-boxed elementor-section-height-default elementor-section-height-default\" data-id=\"tzyaukz\" data-element_type=\"section\" data-settings=\"{&quot;background_background&quot;:&quot;classic&quot;}\">\n\t\t\t\t\t\t<div class=\"elementor-container elementor-column-gap-default\">\n\t\t\t\t\t<div class=\"elementor-column elementor-col-100 elementor-inner-column elementor-element elementor-element-qtxllec\" data-id=\"qtxllec\" data-element_type=\"column\">\n\t\t\t<div class=\"elementor-widget-wrap elementor-element-populated\">\n\t\t\t\t\t\t<div class=\"elementor-element elementor-element-sjjcolu elementor-widget elementor-widget-text-editor\" data-id=\"sjjcolu\" data-element_type=\"widget\" data-widget_type=\"text-editor.default\">\n\t\t\t\t<div class=\"elementor-widget-container\">\n\t\t\t\t\t\t\t<div class=\"line chiffres\"><div class=\"demiblock w50p\">\u00a0<\/div><\/div>\t\t\t\t\t\t<\/div>\n\t\t\t\t<\/div>\n\t\t\t\t\t<\/div>\n\t\t<\/div>\n\t\t\t\t\t<\/div>\n\t\t<\/section>\n\t\t\t\t<div class=\"elementor-element elementor-element-tgxadlb elementor-widget elementor-widget-spacer\" data-id=\"tgxadlb\" data-element_type=\"widget\" data-widget_type=\"spacer.default\">\n\t\t\t\t<div class=\"elementor-widget-container\">\n\t\t\t\t\t<div class=\"elementor-spacer\">\n\t\t\t<div class=\"elementor-spacer-inner\"><\/div>\n\t\t<\/div>\n\t\t\t\t<\/div>\n\t\t\t\t<\/div>\n\t\t\t\t\t<\/div>\n\t\t<\/div>\n\t\t\t\t\t<\/div>\n\t\t<\/section>\n\t\t\t\t<\/div>\n\t\t","protected":false},"excerpt":{"rendered":"<p>LITTORAL &amp; MONTAGNE : UNE SOLIDARITE EXEMPLAIRE Christian Estrosi a toujours affirm\u00e9 sa volont\u00e9, au travers de ses mandats, de soutenir financi\u00e8rement les stations de ski. Ainsi en 2003, sous son impulsion, il est alors Pr\u00e9sident du Conseil g\u00e9n\u00e9ral des Alpes-Maritimes, les stations d\u2019Auron, Isola 2000 et Saint-Dalmas-le-Selvage se sont regroup\u00e9es au sein du Syndicat &hellip; <a href=\"https:\/\/www.stationsnicecotedazur.com\/fr\/le-domaine-en-hiver\/\" class=\"more-link\">Continuer la lecture<span class=\"screen-reader-text\"> de &laquo;&nbsp;Le domaine en hiver&nbsp;&raquo;<\/span><\/a><\/p>\n","protected":false},"author":1,"featured_media":0,"parent":0,"menu_order":0,"comment_status":"closed","ping_status":"closed","template":"","meta":{"footnotes":""},"class_list":["post-226","page","type-page","status-publish","hentry"],"yoast_head":"<!-- This site is optimized with the Yoast SEO plugin v24.0 - https:\/\/yoast.com\/wordpress\/plugins\/seo\/ -->\n<title>Station de Ski \u00e0 Nice 06, Snowpark Alpes du Sud - Stations du Mercantour<\/title>\n<meta name=\"description\" content=\"D\u00e9couvrez les 3 stations de Ski des Alpes Maritimes \u00e0 1H30 de Nice : Auron, Isola 2000 et Saint Dalmas le Selvage pour profitez des pistes de ski en saison.\" \/>\n<meta name=\"robots\" content=\"index, follow, max-snippet:-1, max-image-preview:large, max-video-preview:-1\" \/>\n<link rel=\"canonical\" href=\"https:\/\/www.stationsnicecotedazur.com\/fr\/le-domaine-en-hiver\/\" \/>\n<meta property=\"og:locale\" content=\"fr_FR\" \/>\n<meta property=\"og:type\" content=\"article\" \/>\n<meta property=\"og:title\" content=\"Station de Ski \u00e0 Nice 06, Snowpark Alpes du Sud - Stations du Mercantour\" \/>\n<meta property=\"og:description\" content=\"D\u00e9couvrez les 3 stations de Ski des Alpes Maritimes \u00e0 1H30 de Nice : Auron, Isola 2000 et Saint Dalmas le Selvage pour profitez des pistes de ski en saison.\" \/>\n<meta property=\"og:url\" content=\"https:\/\/www.stationsnicecotedazur.com\/fr\/le-domaine-en-hiver\/\" \/>\n<meta property=\"og:site_name\" content=\"Stations Nice C\u00f4te d&#039;Azur\" \/>\n<meta property=\"article:modified_time\" content=\"2024-12-06T08:52:36+00:00\" \/>\n<meta property=\"og:image\" content=\"https:\/\/www.stationsnicecotedazur.com\/wp-content\/uploads\/2017\/01\/Auron-5-150x150.jpg\" \/>\n<meta name=\"twitter:card\" content=\"summary_large_image\" \/>\n<meta name=\"twitter:label1\" content=\"Dur\u00e9e de lecture estim\u00e9e\" \/>\n\t<meta name=\"twitter:data1\" content=\"1 minute\" \/>\n<script type=\"application\/ld+json\" class=\"yoast-schema-graph\">{\"@context\":\"https:\/\/schema.org\",\"@graph\":[{\"@type\":\"WebPage\",\"@id\":\"https:\/\/www.stationsnicecotedazur.com\/fr\/le-domaine-en-hiver\/\",\"url\":\"https:\/\/www.stationsnicecotedazur.com\/fr\/le-domaine-en-hiver\/\",\"name\":\"Station de Ski \u00e0 Nice 06, Snowpark Alpes du Sud - Stations du Mercantour\",\"isPartOf\":{\"@id\":\"https:\/\/www.stationsnicecotedazur.com\/fr\/#website\"},\"primaryImageOfPage\":{\"@id\":\"https:\/\/www.stationsnicecotedazur.com\/fr\/le-domaine-en-hiver\/#primaryimage\"},\"image\":{\"@id\":\"https:\/\/www.stationsnicecotedazur.com\/fr\/le-domaine-en-hiver\/#primaryimage\"},\"thumbnailUrl\":\"https:\/\/www.stationsnicecotedazur.com\/wp-content\/uploads\/2017\/01\/Auron-5-150x150.jpg\",\"datePublished\":\"2016-11-22T13:35:40+00:00\",\"dateModified\":\"2024-12-06T08:52:36+00:00\",\"description\":\"D\u00e9couvrez les 3 stations de Ski des Alpes Maritimes \u00e0 1H30 de Nice : Auron, Isola 2000 et Saint Dalmas le Selvage pour profitez des pistes de ski en saison.\",\"breadcrumb\":{\"@id\":\"https:\/\/www.stationsnicecotedazur.com\/fr\/le-domaine-en-hiver\/#breadcrumb\"},\"inLanguage\":\"fr-FR\",\"potentialAction\":[{\"@type\":\"ReadAction\",\"target\":[\"https:\/\/www.stationsnicecotedazur.com\/fr\/le-domaine-en-hiver\/\"]}]},{\"@type\":\"ImageObject\",\"inLanguage\":\"fr-FR\",\"@id\":\"https:\/\/www.stationsnicecotedazur.com\/fr\/le-domaine-en-hiver\/#primaryimage\",\"url\":\"https:\/\/www.stationsnicecotedazur.com\/wp-content\/uploads\/2017\/01\/Auron-5-150x150.jpg\",\"contentUrl\":\"https:\/\/www.stationsnicecotedazur.com\/wp-content\/uploads\/2017\/01\/Auron-5-150x150.jpg\"},{\"@type\":\"BreadcrumbList\",\"@id\":\"https:\/\/www.stationsnicecotedazur.com\/fr\/le-domaine-en-hiver\/#breadcrumb\",\"itemListElement\":[{\"@type\":\"ListItem\",\"position\":1,\"name\":\"Accueil\",\"item\":\"https:\/\/www.stationsnicecotedazur.com\/fr\/\"},{\"@type\":\"ListItem\",\"position\":2,\"name\":\"Le domaine en hiver\"}]},{\"@type\":\"WebSite\",\"@id\":\"https:\/\/www.stationsnicecotedazur.com\/fr\/#website\",\"url\":\"https:\/\/www.stationsnicecotedazur.com\/fr\/\",\"name\":\"Stations Nice C\u00f4te d&#039;Azur\",\"description\":\"...\",\"publisher\":{\"@id\":\"https:\/\/www.stationsnicecotedazur.com\/fr\/#organization\"},\"inLanguage\":\"fr-FR\"},{\"@type\":\"Organization\",\"@id\":\"https:\/\/www.stationsnicecotedazur.com\/fr\/#organization\",\"name\":\"Stations Nice C\u00f4te d&#039;Azur\",\"url\":\"https:\/\/www.stationsnicecotedazur.com\/fr\/\",\"logo\":{\"@type\":\"ImageObject\",\"inLanguage\":\"fr-FR\",\"@id\":\"https:\/\/www.stationsnicecotedazur.com\/fr\/#\/schema\/logo\/image\/\",\"url\":\"https:\/\/www.stationsnicecotedazur.com\/wp-content\/uploads\/2024\/11\/SNCA_LOGO_2024.png\",\"contentUrl\":\"https:\/\/www.stationsnicecotedazur.com\/wp-content\/uploads\/2024\/11\/SNCA_LOGO_2024.png\",\"width\":192,\"height\":129,\"caption\":\"Stations Nice C\u00f4te d&#039;Azur\"},\"image\":{\"@id\":\"https:\/\/www.stationsnicecotedazur.com\/fr\/#\/schema\/logo\/image\/\"}}]}<\/script>\n<!-- \/ Yoast SEO plugin. -->","yoast_head_json":{"title":"Station de Ski \u00e0 Nice 06, Snowpark Alpes du Sud - Stations du Mercantour","description":"D\u00e9couvrez les 3 stations de Ski des Alpes Maritimes \u00e0 1H30 de Nice : Auron, Isola 2000 et Saint Dalmas le Selvage pour profitez des pistes de ski en saison.","robots":{"index":"index","follow":"follow","max-snippet":"max-snippet:-1","max-image-preview":"max-image-preview:large","max-video-preview":"max-video-preview:-1"},"canonical":"https:\/\/www.stationsnicecotedazur.com\/fr\/le-domaine-en-hiver\/","og_locale":"fr_FR","og_type":"article","og_title":"Station de Ski \u00e0 Nice 06, Snowpark Alpes du Sud - Stations du Mercantour","og_description":"D\u00e9couvrez les 3 stations de Ski des Alpes Maritimes \u00e0 1H30 de Nice : Auron, Isola 2000 et Saint Dalmas le Selvage pour profitez des pistes de ski en saison.","og_url":"https:\/\/www.stationsnicecotedazur.com\/fr\/le-domaine-en-hiver\/","og_site_name":"Stations Nice C\u00f4te d&#039;Azur","article_modified_time":"2024-12-06T08:52:36+00:00","og_image":[{"url":"https:\/\/www.stationsnicecotedazur.com\/wp-content\/uploads\/2017\/01\/Auron-5-150x150.jpg","type":"","width":"","height":""}],"twitter_card":"summary_large_image","twitter_misc":{"Dur\u00e9e de lecture estim\u00e9e":"1 minute"},"schema":{"@context":"https:\/\/schema.org","@graph":[{"@type":"WebPage","@id":"https:\/\/www.stationsnicecotedazur.com\/fr\/le-domaine-en-hiver\/","url":"https:\/\/www.stationsnicecotedazur.com\/fr\/le-domaine-en-hiver\/","name":"Station de Ski \u00e0 Nice 06, Snowpark Alpes du Sud - Stations du Mercantour","isPartOf":{"@id":"https:\/\/www.stationsnicecotedazur.com\/fr\/#website"},"primaryImageOfPage":{"@id":"https:\/\/www.stationsnicecotedazur.com\/fr\/le-domaine-en-hiver\/#primaryimage"},"image":{"@id":"https:\/\/www.stationsnicecotedazur.com\/fr\/le-domaine-en-hiver\/#primaryimage"},"thumbnailUrl":"https:\/\/www.stationsnicecotedazur.com\/wp-content\/uploads\/2017\/01\/Auron-5-150x150.jpg","datePublished":"2016-11-22T13:35:40+00:00","dateModified":"2024-12-06T08:52:36+00:00","description":"D\u00e9couvrez les 3 stations de Ski des Alpes Maritimes \u00e0 1H30 de Nice : Auron, Isola 2000 et Saint Dalmas le Selvage pour profitez des pistes de ski en saison.","breadcrumb":{"@id":"https:\/\/www.stationsnicecotedazur.com\/fr\/le-domaine-en-hiver\/#breadcrumb"},"inLanguage":"fr-FR","potentialAction":[{"@type":"ReadAction","target":["https:\/\/www.stationsnicecotedazur.com\/fr\/le-domaine-en-hiver\/"]}]},{"@type":"ImageObject","inLanguage":"fr-FR","@id":"https:\/\/www.stationsnicecotedazur.com\/fr\/le-domaine-en-hiver\/#primaryimage","url":"https:\/\/www.stationsnicecotedazur.com\/wp-content\/uploads\/2017\/01\/Auron-5-150x150.jpg","contentUrl":"https:\/\/www.stationsnicecotedazur.com\/wp-content\/uploads\/2017\/01\/Auron-5-150x150.jpg"},{"@type":"BreadcrumbList","@id":"https:\/\/www.stationsnicecotedazur.com\/fr\/le-domaine-en-hiver\/#breadcrumb","itemListElement":[{"@type":"ListItem","position":1,"name":"Accueil","item":"https:\/\/www.stationsnicecotedazur.com\/fr\/"},{"@type":"ListItem","position":2,"name":"Le domaine en hiver"}]},{"@type":"WebSite","@id":"https:\/\/www.stationsnicecotedazur.com\/fr\/#website","url":"https:\/\/www.stationsnicecotedazur.com\/fr\/","name":"Stations Nice C\u00f4te d&#039;Azur","description":"...","publisher":{"@id":"https:\/\/www.stationsnicecotedazur.com\/fr\/#organization"},"inLanguage":"fr-FR"},{"@type":"Organization","@id":"https:\/\/www.stationsnicecotedazur.com\/fr\/#organization","name":"Stations Nice C\u00f4te d&#039;Azur","url":"https:\/\/www.stationsnicecotedazur.com\/fr\/","logo":{"@type":"ImageObject","inLanguage":"fr-FR","@id":"https:\/\/www.stationsnicecotedazur.com\/fr\/#\/schema\/logo\/image\/","url":"https:\/\/www.stationsnicecotedazur.com\/wp-content\/uploads\/2024\/11\/SNCA_LOGO_2024.png","contentUrl":"https:\/\/www.stationsnicecotedazur.com\/wp-content\/uploads\/2024\/11\/SNCA_LOGO_2024.png","width":192,"height":129,"caption":"Stations Nice C\u00f4te d&#039;Azur"},"image":{"@id":"https:\/\/www.stationsnicecotedazur.com\/fr\/#\/schema\/logo\/image\/"}}]}},"_links":{"self":[{"href":"https:\/\/www.stationsnicecotedazur.com\/fr\/wp-json\/wp\/v2\/pages\/226","targetHints":{"allow":["GET"]}}],"collection":[{"href":"https:\/\/www.stationsnicecotedazur.com\/fr\/wp-json\/wp\/v2\/pages"}],"about":[{"href":"https:\/\/www.stationsnicecotedazur.com\/fr\/wp-json\/wp\/v2\/types\/page"}],"author":[{"embeddable":true,"href":"https:\/\/www.stationsnicecotedazur.com\/fr\/wp-json\/wp\/v2\/users\/1"}],"replies":[{"embeddable":true,"href":"https:\/\/www.stationsnicecotedazur.com\/fr\/wp-json\/wp\/v2\/comments?post=226"}],"version-history":[{"count":82,"href":"https:\/\/www.stationsnicecotedazur.com\/fr\/wp-json\/wp\/v2\/pages\/226\/revisions"}],"predecessor-version":[{"id":5427,"href":"https:\/\/www.stationsnicecotedazur.com\/fr\/wp-json\/wp\/v2\/pages\/226\/revisions\/5427"}],"wp:attachment":[{"href":"https:\/\/www.stationsnicecotedazur.com\/fr\/wp-json\/wp\/v2\/media?parent=226"}],"curies":[{"name":"wp","href":"https:\/\/api.w.org\/{rel}","templated":true}]}}