{"id":633,"date":"2016-11-22T14:35:40","date_gmt":"2016-11-22T13:35:40","guid":{"rendered":"https:\/\/www.stationsnicecotedazur.com\/le-domaine\/"},"modified":"2024-12-06T13:21:02","modified_gmt":"2024-12-06T12:21:02","slug":"the-region-in-winter","status":"publish","type":"page","link":"https:\/\/www.stationsnicecotedazur.com\/en\/the-region-in-winter\/","title":{"rendered":"The region in winter"},"content":{"rendered":"\t\t<div data-elementor-type=\"wp-page\" data-elementor-id=\"633\" class=\"elementor elementor-633 elementor-226\" data-elementor-post-type=\"page\">\n\t\t\t\t\t\t<section class=\"elementor-section elementor-top-section elementor-element elementor-element-biedfjk elementor-section-full_width elementor-section-height-default elementor-section-height-default\" data-id=\"biedfjk\" data-element_type=\"section\">\n\t\t\t\t\t\t<div class=\"elementor-container elementor-column-gap-default\">\n\t\t\t\t\t<div class=\"elementor-column elementor-col-100 elementor-top-column elementor-element elementor-element-fbgqyhr\" data-id=\"fbgqyhr\" data-element_type=\"column\">\n\t\t\t<div class=\"elementor-widget-wrap elementor-element-populated\">\n\t\t\t\t\t\t<section class=\"elementor-section elementor-inner-section elementor-element elementor-element-vyamxbx elementor-section-full_width banniere-station elementor-section-height-default elementor-section-height-default\" data-id=\"vyamxbx\" data-element_type=\"section\">\n\t\t\t\t\t\t<div class=\"elementor-container elementor-column-gap-default\">\n\t\t\t\t\t<div class=\"elementor-column elementor-col-100 elementor-inner-column elementor-element elementor-element-sbismkf\" data-id=\"sbismkf\" data-element_type=\"column\">\n\t\t\t<div class=\"elementor-widget-wrap elementor-element-populated\">\n\t\t\t\t\t\t<div class=\"elementor-element elementor-element-zwidqbt elementor-widget elementor-widget-text-editor\" data-id=\"zwidqbt\" data-element_type=\"widget\" data-widget_type=\"text-editor.default\">\n\t\t\t\t<div class=\"elementor-widget-container\">\n\t\t\t<div class=\"echo-debug\" style=\"display:none\">array(1) {\n  [0]=>\n  object(stdClass)#5036 (3) {\n    [\"id\"]=>\n    string(3) \"228\"\n    [\"fields\"]=>\n    object(stdClass)#6014 (2) {\n      [\"title\"]=>\n      string(52) \"banniere \/ Le domaine \/ domaine \/ hiver \/ Le domaine\"\n      [\"caption\"]=>\n      string(0) \"\"\n    }\n    [\"post_id\"]=>\n    int(633)\n  }\n}\n<\/div>\t\t\t\t<div id=\"banniere-banniere\" class=\"banniere2\" style=\"background-image:url('https:\/\/www.stationsnicecotedazur.com\/wp-content\/uploads\/2016\/11\/banniere-le-domaine.jpg');\"><h1>le domaine<\/h1><div class=\"pattern-triangle pattern-line\"><\/div><\/div>\t\t\t\t\t\t<\/div>\n\t\t\t\t<\/div>\n\t\t\t\t\t<\/div>\n\t\t<\/div>\n\t\t\t\t\t<\/div>\n\t\t<\/section>\n\t\t\t\t<div class=\"elementor-element elementor-element-jxkwmcj elementor-widget elementor-widget-spacer\" data-id=\"jxkwmcj\" data-element_type=\"widget\" data-widget_type=\"spacer.default\">\n\t\t\t\t<div class=\"elementor-widget-container\">\n\t\t\t\t\t<div class=\"elementor-spacer\">\n\t\t\t<div class=\"elementor-spacer-inner\"><\/div>\n\t\t<\/div>\n\t\t\t\t<\/div>\n\t\t\t\t<\/div>\n\t\t\t\t<section class=\"elementor-section elementor-inner-section elementor-element elementor-element-zkadykc elementor-section-full_width elementor-section-height-default elementor-section-height-default\" data-id=\"zkadykc\" data-element_type=\"section\">\n\t\t\t\t\t\t<div class=\"elementor-container elementor-column-gap-default\">\n\t\t\t\t\t<div class=\"elementor-column elementor-col-100 elementor-inner-column elementor-element elementor-element-juuates textcenter\" data-id=\"juuates\" data-element_type=\"column\">\n\t\t\t<div class=\"elementor-widget-wrap elementor-element-populated\">\n\t\t\t\t\t\t<div class=\"elementor-element elementor-element-qwefdmy titre titre-simple elementor-widget elementor-widget-heading\" data-id=\"qwefdmy\" data-element_type=\"widget\" data-widget_type=\"heading.default\">\n\t\t\t\t<div class=\"elementor-widget-container\">\n\t\t\t<h2 class=\"elementor-heading-title elementor-size-default\">Skiing, snowboarding and open spaces<\/h2>\t\t<\/div>\n\t\t\t\t<\/div>\n\t\t\t\t<div class=\"elementor-element elementor-element-uyecbui inlineblock elementor-widget elementor-widget-heading\" data-id=\"uyecbui\" data-element_type=\"widget\" data-widget_type=\"heading.default\">\n\t\t\t\t<div class=\"elementor-widget-container\">\n\t\t\t<h2 class=\"elementor-heading-title elementor-size-default\">The Joint Association of Mercantour\u2019s resorts<\/h2>\t\t<\/div>\n\t\t\t\t<\/div>\n\t\t\t\t<div class=\"elementor-element elementor-element-umqhmyk elementor-widget elementor-widget-image\" data-id=\"umqhmyk\" data-element_type=\"widget\" data-widget_type=\"image.default\">\n\t\t\t\t<div class=\"elementor-widget-container\">\n\t\t\t\t\t\t\t\t\t\t\t\t\t<img decoding=\"async\" src=\"https:\/\/www.stationsnicecotedazur.com\/wp-content\/uploads\/elementor\/thumbs\/Auron-5-rdoay01phleamv471xiikv5eq9ahxb1dbc6gae0k9c.jpg\" title=\"Auron-5.jpg\" alt=\"Auron-5.jpg\" loading=\"lazy\" \/>\t\t\t\t\t\t\t\t\t\t\t\t\t<\/div>\n\t\t\t\t<\/div>\n\t\t\t\t\t<\/div>\n\t\t<\/div>\n\t\t\t\t\t<\/div>\n\t\t<\/section>\n\t\t\t\t<div class=\"elementor-element elementor-element-yzzuuje elementor-widget elementor-widget-spacer\" data-id=\"yzzuuje\" data-element_type=\"widget\" data-widget_type=\"spacer.default\">\n\t\t\t\t<div class=\"elementor-widget-container\">\n\t\t\t\t\t<div class=\"elementor-spacer\">\n\t\t\t<div class=\"elementor-spacer-inner\"><\/div>\n\t\t<\/div>\n\t\t\t\t<\/div>\n\t\t\t\t<\/div>\n\t\t\t\t<section class=\"elementor-section elementor-inner-section elementor-element elementor-element-gljxnlo elementor-section-boxed elementor-section-height-default elementor-section-height-default\" data-id=\"gljxnlo\" data-element_type=\"section\">\n\t\t\t\t\t\t<div class=\"elementor-container elementor-column-gap-default\">\n\t\t\t\t\t<div class=\"elementor-column elementor-col-66 elementor-inner-column elementor-element elementor-element-quavunq\" data-id=\"quavunq\" data-element_type=\"column\">\n\t\t\t<div class=\"elementor-widget-wrap elementor-element-populated\">\n\t\t\t\t\t\t<div class=\"elementor-element elementor-element-wndqeml titre titre-simple titre-petit elementor-widget elementor-widget-heading\" data-id=\"wndqeml\" data-element_type=\"widget\" data-widget_type=\"heading.default\">\n\t\t\t\t<div class=\"elementor-widget-container\">\n\t\t\t<h2 class=\"elementor-heading-title elementor-size-default\">A unique structure serving Mercantour\u2019s resorts<\/h2>\t\t<\/div>\n\t\t\t\t<\/div>\n\t\t\t\t<div class=\"elementor-element elementor-element-bcmljwr elementor-widget elementor-widget-text-editor\" data-id=\"bcmljwr\" data-element_type=\"widget\" data-widget_type=\"text-editor.default\">\n\t\t\t\t<div class=\"elementor-widget-container\">\n\t\t\t\t\t\t\t<p>Since 2003, at the initiative of Christian Estrosi, the resorts of Auron, Isola 2000 and Saint-Dalmas-le-Selvage, which were all keen to develop as resorts, have come together to form the Joint Association of Mercantour\u2019s Resorts with an ambitious development plan for the three sites. Substantial investments have made it possible to modernise and develop the ski areas of Auron and Isola 2000 and to preserve the historical heritage and authenticity of Saint-Dalmas-le-Selvage.<\/p>\t\t\t\t\t\t<\/div>\n\t\t\t\t<\/div>\n\t\t\t\t<div class=\"elementor-element elementor-element-yqsnabh titre titre-simple titre-petit elementor-widget elementor-widget-heading\" data-id=\"yqsnabh\" data-element_type=\"widget\" data-widget_type=\"heading.default\">\n\t\t\t\t<div class=\"elementor-widget-container\">\n\t\t\t<h2 class=\"elementor-heading-title elementor-size-default\">Innovations: Mercantour\u2019s resorts are on top<\/h2>\t\t<\/div>\n\t\t\t\t<\/div>\n\t\t\t\t<div class=\"elementor-element elementor-element-irspgew elementor-widget elementor-widget-text-editor\" data-id=\"irspgew\" data-element_type=\"widget\" data-widget_type=\"text-editor.default\">\n\t\t\t\t<div class=\"elementor-widget-container\">\n\t\t\t\t\t\t\t<p>The Joint Association of Mercantour\u2019s Resorts wants to equip Nice C\u00f4te d\u2019Azur\u2019s resorts with the latest innovations in the world of skiing and snowboarding, with freestyle, snow parks, latest generation ski lifts, the widening and reprofiling of slopes and even the installation of digital equipment, which are flagship projects for the 2016\/2017 season. The Joint Association of Mercantour\u2019s Resorts guarantees snow for 55% of the Auron ski area, which is covered by snow canons, and 75% of the area in Isola 2000. Christian Estrosi wanted to help the mountain regions to benefit from Nice\u2019s international reputation. Enjoying easy access to the city and the second biggest airport in France, which are just 90 minutes away, these resorts have become a showcase of the mountains which are just a few kilometres from the Mediterranean.<\/p>\t\t\t\t\t\t<\/div>\n\t\t\t\t<\/div>\n\t\t\t\t<div class=\"elementor-element elementor-element-yoxzkqf titre titre-simple titre-petit elementor-widget elementor-widget-heading\" data-id=\"yoxzkqf\" data-element_type=\"widget\" data-widget_type=\"heading.default\">\n\t\t\t\t<div class=\"elementor-widget-container\">\n\t\t\t<h2 class=\"elementor-heading-title elementor-size-default\">Skiing, right by the Place<\/h2>\t\t<\/div>\n\t\t\t\t<\/div>\n\t\t\t\t<div class=\"elementor-element elementor-element-kdvuqvp elementor-widget elementor-widget-text-editor\" data-id=\"kdvuqvp\" data-element_type=\"widget\" data-widget_type=\"text-editor.default\">\n\t\t\t\t<div class=\"elementor-widget-container\">\n\t\t\t\t\t\t\t<p>Skiing in the daytime and strolling by the sea in the afternoon is an achievable dream. The extraordinary sunshine enjoyed by Auron, Isola 2000 and Saint-Dalmas-Le-Selvage makes skiing in the mountains of the Cote d\u2019Azur an unforgettable experience. Nice isn\u2019t just the Promenade des Anglais and the Mediterranean sea, it also has beautiful mountains which create an incredibly impressive view when viewed from the air, looking down from an aeroplane\u2019s window. The three resorts of Nice C\u00f4te d&#8217;Azur, Auron, Isola 2000 and Saint-Dalmas-le-Selvage, await, ready to share an exceptional experience between the sea and the mountains: sun and snow, great skiing and salty air! Enjoy some Nice Altitude!<\/p>\t\t\t\t\t\t<\/div>\n\t\t\t\t<\/div>\n\t\t\t\t\t<\/div>\n\t\t<\/div>\n\t\t\t\t<div class=\"elementor-column elementor-col-33 elementor-inner-column elementor-element elementor-element-cfdtino\" data-id=\"cfdtino\" data-element_type=\"column\">\n\t\t\t<div class=\"elementor-widget-wrap elementor-element-populated\">\n\t\t\t\t\t\t<div class=\"elementor-element elementor-element-dfiyivj titre titre-contact elementor-widget elementor-widget-heading\" data-id=\"dfiyivj\" data-element_type=\"widget\" data-widget_type=\"heading.default\">\n\t\t\t\t<div class=\"elementor-widget-container\">\n\t\t\t<h2 class=\"elementor-heading-title elementor-size-default\">Useful contacts<\/h2>\t\t<\/div>\n\t\t\t\t<\/div>\n\t\t\t\t<div class=\"elementor-element elementor-element-wsyuxcs block-contact elementor-widget elementor-widget-text-editor\" data-id=\"wsyuxcs\" data-element_type=\"widget\" data-widget_type=\"text-editor.default\">\n\t\t\t\t<div class=\"elementor-widget-container\">\n\t\t\t\t\t\t\t<a class=\"link\" href=\"mailto:contact@stationsnicecotedazur.com\">contact@stationsnicecotedazur.com<\/a>\t\t\t\t\t\t<\/div>\n\t\t\t\t<\/div>\n\t\t\t\t\t<\/div>\n\t\t<\/div>\n\t\t\t\t\t<\/div>\n\t\t<\/section>\n\t\t\t\t<section class=\"elementor-section elementor-inner-section elementor-element elementor-element-tzyaukz elementor-section-boxed elementor-section-height-default elementor-section-height-default\" data-id=\"tzyaukz\" data-element_type=\"section\" data-settings=\"{&quot;background_background&quot;:&quot;classic&quot;}\">\n\t\t\t\t\t\t<div class=\"elementor-container elementor-column-gap-default\">\n\t\t\t\t\t<div class=\"elementor-column elementor-col-100 elementor-inner-column elementor-element elementor-element-qtxllec\" data-id=\"qtxllec\" data-element_type=\"column\">\n\t\t\t<div class=\"elementor-widget-wrap elementor-element-populated\">\n\t\t\t\t\t\t<div class=\"elementor-element elementor-element-pxjwtgv titre titre-simple titre-moyen elementor-widget elementor-widget-heading\" data-id=\"pxjwtgv\" data-element_type=\"widget\" data-widget_type=\"heading.default\">\n\t\t\t\t<div class=\"elementor-widget-container\">\n\t\t\t<h2 class=\"elementor-heading-title elementor-size-default\">The Mercantour area has:<\/h2>\t\t<\/div>\n\t\t\t\t<\/div>\n\t\t\t\t<div class=\"elementor-element elementor-element-sjjcolu elementor-widget elementor-widget-text-editor\" data-id=\"sjjcolu\" data-element_type=\"widget\" data-widget_type=\"text-editor.default\">\n\t\t\t\t<div class=\"elementor-widget-container\">\n\t\t\t\t\t\t\t<div class=\"line chiffres\">\r\n<div class=\"demiblock w50p\"><strong>255 KM<\/strong> of ski slopes<\/div>\r\n<div class=\"demiblock w50p\"><strong>600 KM<\/strong> of marked trails<\/div>\r\n<\/div>\t\t\t\t\t\t<\/div>\n\t\t\t\t<\/div>\n\t\t\t\t\t<\/div>\n\t\t<\/div>\n\t\t\t\t\t<\/div>\n\t\t<\/section>\n\t\t\t\t<div class=\"elementor-element elementor-element-tgxadlb elementor-widget elementor-widget-spacer\" data-id=\"tgxadlb\" data-element_type=\"widget\" data-widget_type=\"spacer.default\">\n\t\t\t\t<div class=\"elementor-widget-container\">\n\t\t\t\t\t<div class=\"elementor-spacer\">\n\t\t\t<div class=\"elementor-spacer-inner\"><\/div>\n\t\t<\/div>\n\t\t\t\t<\/div>\n\t\t\t\t<\/div>\n\t\t\t\t\t<\/div>\n\t\t<\/div>\n\t\t\t\t\t<\/div>\n\t\t<\/section>\n\t\t\t\t<\/div>\n\t\t","protected":false},"excerpt":{"rendered":"<p>Skiing, snowboarding and open spaces The Joint Association of Mercantour\u2019s resorts A unique structure serving Mercantour\u2019s resorts Since 2003, at the initiative of Christian Estrosi, the resorts of Auron, Isola 2000 and Saint-Dalmas-le-Selvage, which were all keen to develop as resorts, have come together to form the Joint Association of Mercantour\u2019s Resorts with an ambitious &hellip; <a href=\"https:\/\/www.stationsnicecotedazur.com\/en\/the-region-in-winter\/\" class=\"more-link\">Continue reading<span class=\"screen-reader-text\"> &#8220;The region in winter&#8221;<\/span><\/a><\/p>\n","protected":false},"author":1,"featured_media":0,"parent":0,"menu_order":0,"comment_status":"closed","ping_status":"closed","template":"","meta":{"footnotes":""},"class_list":["post-633","page","type-page","status-publish","hentry"],"yoast_head":"<!-- This site is optimized with the Yoast SEO plugin v24.0 - https:\/\/yoast.com\/wordpress\/plugins\/seo\/ -->\n<title>Station de Ski \u00e0 Nice 06, Snowpark Alpes du Sud - Stations du Mercantour<\/title>\n<meta name=\"description\" content=\"D\u00e9couvrez les 3 stations de Ski des Alpes Maritimes \u00e0 1H30 de Nice : Auron, Isola 2000 et Saint Dalmas le Selvage pour profitez des pistes de ski en saison.\" \/>\n<meta name=\"robots\" content=\"index, follow, max-snippet:-1, max-image-preview:large, max-video-preview:-1\" \/>\n<link rel=\"canonical\" href=\"https:\/\/www.stationsnicecotedazur.com\/en\/the-region-in-winter\/\" \/>\n<meta property=\"og:locale\" content=\"en_US\" \/>\n<meta property=\"og:type\" content=\"article\" \/>\n<meta property=\"og:title\" content=\"Station de Ski \u00e0 Nice 06, Snowpark Alpes du Sud - Stations du Mercantour\" \/>\n<meta property=\"og:description\" content=\"D\u00e9couvrez les 3 stations de Ski des Alpes Maritimes \u00e0 1H30 de Nice : Auron, Isola 2000 et Saint Dalmas le Selvage pour profitez des pistes de ski en saison.\" \/>\n<meta property=\"og:url\" content=\"https:\/\/www.stationsnicecotedazur.com\/en\/the-region-in-winter\/\" \/>\n<meta property=\"og:site_name\" content=\"Stations Nice C\u00f4te d&#039;Azur\" \/>\n<meta property=\"article:modified_time\" content=\"2024-12-06T12:21:02+00:00\" \/>\n<meta property=\"og:image\" content=\"https:\/\/www.stationsnicecotedazur.com\/wp-content\/uploads\/elementor\/thumbs\/Auron-5-nhezjqjqq43mzjp26zkl2u38w9raip0lyy2w30x9xs.jpg\" \/>\n<meta name=\"twitter:card\" content=\"summary_large_image\" \/>\n<meta name=\"twitter:label1\" content=\"Est. reading time\" \/>\n\t<meta name=\"twitter:data1\" content=\"2 minutes\" \/>\n<script type=\"application\/ld+json\" class=\"yoast-schema-graph\">{\"@context\":\"https:\/\/schema.org\",\"@graph\":[{\"@type\":\"WebPage\",\"@id\":\"https:\/\/www.stationsnicecotedazur.com\/en\/the-region-in-winter\/\",\"url\":\"https:\/\/www.stationsnicecotedazur.com\/en\/the-region-in-winter\/\",\"name\":\"Station de Ski \u00e0 Nice 06, Snowpark Alpes du Sud - Stations du Mercantour\",\"isPartOf\":{\"@id\":\"https:\/\/www.stationsnicecotedazur.com\/fr\/#website\"},\"primaryImageOfPage\":{\"@id\":\"https:\/\/www.stationsnicecotedazur.com\/en\/the-region-in-winter\/#primaryimage\"},\"image\":{\"@id\":\"https:\/\/www.stationsnicecotedazur.com\/en\/the-region-in-winter\/#primaryimage\"},\"thumbnailUrl\":\"https:\/\/www.stationsnicecotedazur.com\/wp-content\/uploads\/elementor\/thumbs\/Auron-5-nhezjqjqq43mzjp26zkl2u38w9raip0lyy2w30x9xs.jpg\",\"datePublished\":\"2016-11-22T13:35:40+00:00\",\"dateModified\":\"2024-12-06T12:21:02+00:00\",\"description\":\"D\u00e9couvrez les 3 stations de Ski des Alpes Maritimes \u00e0 1H30 de Nice : Auron, Isola 2000 et Saint Dalmas le Selvage pour profitez des pistes de ski en saison.\",\"breadcrumb\":{\"@id\":\"https:\/\/www.stationsnicecotedazur.com\/en\/the-region-in-winter\/#breadcrumb\"},\"inLanguage\":\"en-US\",\"potentialAction\":[{\"@type\":\"ReadAction\",\"target\":[\"https:\/\/www.stationsnicecotedazur.com\/en\/the-region-in-winter\/\"]}]},{\"@type\":\"ImageObject\",\"inLanguage\":\"en-US\",\"@id\":\"https:\/\/www.stationsnicecotedazur.com\/en\/the-region-in-winter\/#primaryimage\",\"url\":\"https:\/\/www.stationsnicecotedazur.com\/wp-content\/uploads\/elementor\/thumbs\/Auron-5-nhezjqjqq43mzjp26zkl2u38w9raip0lyy2w30x9xs.jpg\",\"contentUrl\":\"https:\/\/www.stationsnicecotedazur.com\/wp-content\/uploads\/elementor\/thumbs\/Auron-5-nhezjqjqq43mzjp26zkl2u38w9raip0lyy2w30x9xs.jpg\"},{\"@type\":\"BreadcrumbList\",\"@id\":\"https:\/\/www.stationsnicecotedazur.com\/en\/the-region-in-winter\/#breadcrumb\",\"itemListElement\":[{\"@type\":\"ListItem\",\"position\":1,\"name\":\"Accueil\",\"item\":\"https:\/\/www.stationsnicecotedazur.com\/en\/\"},{\"@type\":\"ListItem\",\"position\":2,\"name\":\"The region in winter\"}]},{\"@type\":\"WebSite\",\"@id\":\"https:\/\/www.stationsnicecotedazur.com\/fr\/#website\",\"url\":\"https:\/\/www.stationsnicecotedazur.com\/fr\/\",\"name\":\"Stations Nice C\u00f4te d&#039;Azur\",\"description\":\"Un site utilisant WordPress\",\"publisher\":{\"@id\":\"https:\/\/www.stationsnicecotedazur.com\/fr\/#organization\"},\"inLanguage\":\"en-US\"},{\"@type\":\"Organization\",\"@id\":\"https:\/\/www.stationsnicecotedazur.com\/fr\/#organization\",\"name\":\"Stations Nice C\u00f4te d&#039;Azur\",\"url\":\"https:\/\/www.stationsnicecotedazur.com\/fr\/\",\"logo\":{\"@type\":\"ImageObject\",\"inLanguage\":\"en-US\",\"@id\":\"https:\/\/www.stationsnicecotedazur.com\/fr\/#\/schema\/logo\/image\/\",\"url\":\"https:\/\/www.stationsnicecotedazur.com\/wp-content\/uploads\/2024\/11\/SNCA_LOGO_2024.png\",\"contentUrl\":\"https:\/\/www.stationsnicecotedazur.com\/wp-content\/uploads\/2024\/11\/SNCA_LOGO_2024.png\",\"width\":192,\"height\":129,\"caption\":\"Stations Nice C\u00f4te d&#039;Azur\"},\"image\":{\"@id\":\"https:\/\/www.stationsnicecotedazur.com\/fr\/#\/schema\/logo\/image\/\"}}]}<\/script>\n<!-- \/ Yoast SEO plugin. -->","yoast_head_json":{"title":"Station de Ski \u00e0 Nice 06, Snowpark Alpes du Sud - Stations du Mercantour","description":"D\u00e9couvrez les 3 stations de Ski des Alpes Maritimes \u00e0 1H30 de Nice : Auron, Isola 2000 et Saint Dalmas le Selvage pour profitez des pistes de ski en saison.","robots":{"index":"index","follow":"follow","max-snippet":"max-snippet:-1","max-image-preview":"max-image-preview:large","max-video-preview":"max-video-preview:-1"},"canonical":"https:\/\/www.stationsnicecotedazur.com\/en\/the-region-in-winter\/","og_locale":"en_US","og_type":"article","og_title":"Station de Ski \u00e0 Nice 06, Snowpark Alpes du Sud - Stations du Mercantour","og_description":"D\u00e9couvrez les 3 stations de Ski des Alpes Maritimes \u00e0 1H30 de Nice : Auron, Isola 2000 et Saint Dalmas le Selvage pour profitez des pistes de ski en saison.","og_url":"https:\/\/www.stationsnicecotedazur.com\/en\/the-region-in-winter\/","og_site_name":"Stations Nice C\u00f4te d&#039;Azur","article_modified_time":"2024-12-06T12:21:02+00:00","og_image":[{"url":"https:\/\/www.stationsnicecotedazur.com\/wp-content\/uploads\/elementor\/thumbs\/Auron-5-nhezjqjqq43mzjp26zkl2u38w9raip0lyy2w30x9xs.jpg","type":"","width":"","height":""}],"twitter_card":"summary_large_image","twitter_misc":{"Est. reading time":"2 minutes"},"schema":{"@context":"https:\/\/schema.org","@graph":[{"@type":"WebPage","@id":"https:\/\/www.stationsnicecotedazur.com\/en\/the-region-in-winter\/","url":"https:\/\/www.stationsnicecotedazur.com\/en\/the-region-in-winter\/","name":"Station de Ski \u00e0 Nice 06, Snowpark Alpes du Sud - Stations du Mercantour","isPartOf":{"@id":"https:\/\/www.stationsnicecotedazur.com\/fr\/#website"},"primaryImageOfPage":{"@id":"https:\/\/www.stationsnicecotedazur.com\/en\/the-region-in-winter\/#primaryimage"},"image":{"@id":"https:\/\/www.stationsnicecotedazur.com\/en\/the-region-in-winter\/#primaryimage"},"thumbnailUrl":"https:\/\/www.stationsnicecotedazur.com\/wp-content\/uploads\/elementor\/thumbs\/Auron-5-nhezjqjqq43mzjp26zkl2u38w9raip0lyy2w30x9xs.jpg","datePublished":"2016-11-22T13:35:40+00:00","dateModified":"2024-12-06T12:21:02+00:00","description":"D\u00e9couvrez les 3 stations de Ski des Alpes Maritimes \u00e0 1H30 de Nice : Auron, Isola 2000 et Saint Dalmas le Selvage pour profitez des pistes de ski en saison.","breadcrumb":{"@id":"https:\/\/www.stationsnicecotedazur.com\/en\/the-region-in-winter\/#breadcrumb"},"inLanguage":"en-US","potentialAction":[{"@type":"ReadAction","target":["https:\/\/www.stationsnicecotedazur.com\/en\/the-region-in-winter\/"]}]},{"@type":"ImageObject","inLanguage":"en-US","@id":"https:\/\/www.stationsnicecotedazur.com\/en\/the-region-in-winter\/#primaryimage","url":"https:\/\/www.stationsnicecotedazur.com\/wp-content\/uploads\/elementor\/thumbs\/Auron-5-nhezjqjqq43mzjp26zkl2u38w9raip0lyy2w30x9xs.jpg","contentUrl":"https:\/\/www.stationsnicecotedazur.com\/wp-content\/uploads\/elementor\/thumbs\/Auron-5-nhezjqjqq43mzjp26zkl2u38w9raip0lyy2w30x9xs.jpg"},{"@type":"BreadcrumbList","@id":"https:\/\/www.stationsnicecotedazur.com\/en\/the-region-in-winter\/#breadcrumb","itemListElement":[{"@type":"ListItem","position":1,"name":"Accueil","item":"https:\/\/www.stationsnicecotedazur.com\/en\/"},{"@type":"ListItem","position":2,"name":"The region in winter"}]},{"@type":"WebSite","@id":"https:\/\/www.stationsnicecotedazur.com\/fr\/#website","url":"https:\/\/www.stationsnicecotedazur.com\/fr\/","name":"Stations Nice C\u00f4te d&#039;Azur","description":"Un site utilisant WordPress","publisher":{"@id":"https:\/\/www.stationsnicecotedazur.com\/fr\/#organization"},"inLanguage":"en-US"},{"@type":"Organization","@id":"https:\/\/www.stationsnicecotedazur.com\/fr\/#organization","name":"Stations Nice C\u00f4te d&#039;Azur","url":"https:\/\/www.stationsnicecotedazur.com\/fr\/","logo":{"@type":"ImageObject","inLanguage":"en-US","@id":"https:\/\/www.stationsnicecotedazur.com\/fr\/#\/schema\/logo\/image\/","url":"https:\/\/www.stationsnicecotedazur.com\/wp-content\/uploads\/2024\/11\/SNCA_LOGO_2024.png","contentUrl":"https:\/\/www.stationsnicecotedazur.com\/wp-content\/uploads\/2024\/11\/SNCA_LOGO_2024.png","width":192,"height":129,"caption":"Stations Nice C\u00f4te d&#039;Azur"},"image":{"@id":"https:\/\/www.stationsnicecotedazur.com\/fr\/#\/schema\/logo\/image\/"}}]}},"_links":{"self":[{"href":"https:\/\/www.stationsnicecotedazur.com\/en\/wp-json\/wp\/v2\/pages\/633","targetHints":{"allow":["GET"]}}],"collection":[{"href":"https:\/\/www.stationsnicecotedazur.com\/en\/wp-json\/wp\/v2\/pages"}],"about":[{"href":"https:\/\/www.stationsnicecotedazur.com\/en\/wp-json\/wp\/v2\/types\/page"}],"author":[{"embeddable":true,"href":"https:\/\/www.stationsnicecotedazur.com\/en\/wp-json\/wp\/v2\/users\/1"}],"replies":[{"embeddable":true,"href":"https:\/\/www.stationsnicecotedazur.com\/en\/wp-json\/wp\/v2\/comments?post=633"}],"version-history":[{"count":6,"href":"https:\/\/www.stationsnicecotedazur.com\/en\/wp-json\/wp\/v2\/pages\/633\/revisions"}],"predecessor-version":[{"id":9669,"href":"https:\/\/www.stationsnicecotedazur.com\/en\/wp-json\/wp\/v2\/pages\/633\/revisions\/9669"}],"wp:attachment":[{"href":"https:\/\/www.stationsnicecotedazur.com\/en\/wp-json\/wp\/v2\/media?parent=633"}],"curies":[{"name":"wp","href":"https:\/\/api.w.org\/{rel}","templated":true}]}}